{"id":87,"date":"2014-10-20T17:15:10","date_gmt":"2014-10-20T15:15:10","guid":{"rendered":"http:\/\/sv-turbine-zschornewitz.de\/Fussball\/?page_id=87"},"modified":"2014-10-20T17:15:10","modified_gmt":"2014-10-20T15:15:10","slug":"vereinsgeschichte","status":"publish","type":"page","link":"http:\/\/sv-turbine-zschornewitz.de\/Fussball\/?page_id=87","title":{"rendered":"Vereinsgeschichte"},"content":{"rendered":"<p align=\"center\"><big>Aus der Geschichte unserer Abteilung:<\/big><\/p>\n<p align=\"center\">Im August 1919 kam es im Ort zur feierlichen Gr\u00fcndung der Spielvereinigung Zschornewitz-Golpa unter dem Vorsitz von Fritz Schulz.<\/p>\n<p align=\"center\">Die Vereinsfarben Blau-Wei\u00df f\u00fchrten in der Gr\u00fcnderzeit dazu, dass der Verein in den Medien auch als SV Blau Wei\u00df Zschornewitz bezeichnet wurde.<\/p>\n<p align=\"center\">Damalige Pflichtspielgegner waren unter anderem Viktoria Wittenberg, Hellas Oranienbaum, Friesen 08 Bitterfeld, der VfL Wolfen oder die Mannschaft aus Roitzsch.<\/p>\n<p align=\"center\"><img decoding=\"async\" src=\"http:\/\/www.sv-turbine-zschornewitz.de\/Bolzen\/bilder\/Scannen0006.jpg\" alt=\"\" \/><\/p>\n<p align=\"center\">In den zwanziger Jahren des letzten Jahrhunderts existierten in Zschornewitz drei Fu\u00dfballvereine.<\/p>\n<p align=\"center\">Am 30. Juli 1921 war das Stiftungsfest des Arbeiter-Turnvereins Vorw\u00e4rts, im Sommer 1931 gr\u00fcndete sich der Vfl Zschornewitz.<\/p>\n<p align=\"center\">Mit der Macht\u00fcbernahme Hitlers 1933 wurden der Jung-Vfl (Walter Jung war 1. Vorsitzender) und der Arbeiterverein Vorw\u00e4rts verboten.<\/p>\n<p align=\"center\">Dies hatte zur logischen Folge, dass die Spielvereinigung Blau-Wei\u00df verst\u00e4rkt durch Spieler der beiden nicht mehr existierenden Team\u00b4s zu einer der st\u00e4rksten Fu\u00dfballmannschaften in der Region erwuchs.<\/p>\n<p align=\"center\">1936 gelang der vielumjubelte Aufstieg in die Mulde-Gau-Staffel. Im Fr\u00fchjahr 1942 bestritt die Spielvereinigung dort ihr letztes Spiel.<\/p>\n<p align=\"center\">Grund daf\u00fcr war ein irrsinniger 2. Weltkrieg und seine Folgen.<\/p>\n<p align=\"center\">Nach dessen Ende sammelte und organisierte sich der Verein neu und stieg 1946 wieder ins Pflichtspielprogramm ein.<\/p>\n<p align=\"center\">Namentliche Wechselspielchen vollzogen sich, zun\u00e4chst hie\u00df die Elf KWU Zschornewitz \u2013<\/p>\n<p align=\"center\">Kommunales Wirtschaftsunternehmen.<\/p>\n<p align=\"center\">Dann die R\u00fcckkehr zum Verein Vorw\u00e4rts, 1950 nannte man sich Spielvereinigung Zschornewitz SV Turbine. Zwei Jahre sp\u00e4ter schlie\u00dflich BSG Turbine Zschornewitz.<\/p>\n<p align=\"center\">Unter dem Bitterfelder Trainer Schrader gelingt 1956 der Aufstieg in die Bezirksklasse. Dort verweilt die BSG f\u00fcnf Spielzeiten. 1961 der Abstieg, fortan pendelte Turbine aus den unterschiedlichsten Gr\u00fcnden zwischen den Ligen Dessau und Bitterfeld hin und her.<\/p>\n<p align=\"center\">1968 kam es zur Einrichtung des Kreisfachverbandes Gr\u00e4fenhainichen,<\/p>\n<p align=\"center\">Turbine wurde wieder ans\u00e4ssig.<\/p>\n<p align=\"center\"><img decoding=\"async\" src=\"http:\/\/www.sv-turbine-zschornewitz.de\/Bolzen\/bilder\/Scannen0005.jpg\" alt=\"\" \/><\/p>\n<p align=\"center\">Nach 20 Jahren und zwei Spielzeiten in der Bezirksklasse (1974\/75, 1980\/81) schloss sich Turbine erneut dem KFV Bitterfeld an.<\/p>\n<p align=\"center\">Der Fachverband Gr\u00e4fenhainichen gab 1988 sein Dasein auf.<\/p>\n<p align=\"center\">1997 gelang der 1. Mannschaft des SV Turbine, die Bezeichnung BSG verlor sich nach der Wiedervereinigung, der letzte gro\u00dfe sportliche Erfolg.<\/p>\n<p align=\"center\">Als Bitterfelder Kreismeister stieg die Elf in die Landesklasse auf. 3 Serien ging es in der Staffel 7 um Punkte, 2000 fand sich das Team in der Liga Bitterfeld wieder.<\/p>\n<p align=\"center\">Aus sportlichem und finanziellem (F\u00f6rdermittel) Anreiz zog es den SV 2002 zum KFV Wittenberg.<\/p>\n<p align=\"center\">Dort steht als bestes Ergebnis bis dato ein 4. Abschlussplatz in der Endabrechnung 2006\/2007.<\/p>\n<p align=\"center\">Ralf-Ingo Anton \u2013 1997 gemeinsam mit Dagobert Uhlich Meistertrainer \u2013 und Michael Macke trugen dabei die Verantwortung.<\/p>\n<p align=\"center\">Im Fr\u00fchsommer 2008 bezogen die SV-Fu\u00dfballer nach umfangreicher Sanierung ihre komplett erneuerte Heimst\u00e4tte am P\u00f6plitzer Weg.<\/p>\n<p align=\"center\">An der am 30. August 1981 \u2013 Umzug aus der Turbine-Kampfbahn Stefan Szajkowski \u2013 eingeweihten Sportanlage hatte der Zahn der Zeit genagt<\/p>\n<p>&nbsp;<\/p>\n","protected":false},"excerpt":{"rendered":"<p>Aus der Geschichte unserer Abteilung: Im August 1919 kam es im Ort zur feierlichen Gr\u00fcndung der Spielvereinigung Zschornewitz-Golpa unter dem Vorsitz von Fritz Schulz. Die <a href=\"http:\/\/sv-turbine-zschornewitz.de\/Fussball\/?page_id=87\" class=\"btn btn-link continue-link\">Continue Reading<\/a><\/p>\n","protected":false},"author":1,"featured_media":0,"parent":0,"menu_order":0,"comment_status":"open","ping_status":"open","template":"","meta":{"ngg_post_thumbnail":0,"footnotes":""},"class_list":["post-87","page","type-page","status-publish","hentry"],"_links":{"self":[{"href":"http:\/\/sv-turbine-zschornewitz.de\/Fussball\/index.php?rest_route=\/wp\/v2\/pages\/87","targetHints":{"allow":["GET"]}}],"collection":[{"href":"http:\/\/sv-turbine-zschornewitz.de\/Fussball\/index.php?rest_route=\/wp\/v2\/pages"}],"about":[{"href":"http:\/\/sv-turbine-zschornewitz.de\/Fussball\/index.php?rest_route=\/wp\/v2\/types\/page"}],"author":[{"embeddable":true,"href":"http:\/\/sv-turbine-zschornewitz.de\/Fussball\/index.php?rest_route=\/wp\/v2\/users\/1"}],"replies":[{"embeddable":true,"href":"http:\/\/sv-turbine-zschornewitz.de\/Fussball\/index.php?rest_route=%2Fwp%2Fv2%2Fcomments&post=87"}],"version-history":[{"count":1,"href":"http:\/\/sv-turbine-zschornewitz.de\/Fussball\/index.php?rest_route=\/wp\/v2\/pages\/87\/revisions"}],"predecessor-version":[{"id":88,"href":"http:\/\/sv-turbine-zschornewitz.de\/Fussball\/index.php?rest_route=\/wp\/v2\/pages\/87\/revisions\/88"}],"wp:attachment":[{"href":"http:\/\/sv-turbine-zschornewitz.de\/Fussball\/index.php?rest_route=%2Fwp%2Fv2%2Fmedia&parent=87"}],"curies":[{"name":"wp","href":"https:\/\/api.w.org\/{rel}","templated":true}]}}