{"id":75,"date":"2014-10-20T17:08:54","date_gmt":"2014-10-20T15:08:54","guid":{"rendered":"http:\/\/sv-turbine-zschornewitz.de\/Fussball\/?page_id=75"},"modified":"2020-01-24T07:32:49","modified_gmt":"2020-01-24T06:32:49","slug":"sponsoren","status":"publish","type":"page","link":"http:\/\/sv-turbine-zschornewitz.de\/Fussball\/?page_id=75","title":{"rendered":"Sponsoren"},"content":{"rendered":"<p><big><big><img decoding=\"async\" class=\"aligncenter\" src=\"http:\/\/www.sv-turbine-zschornewitz.de\/Bolzen\/wappen_links.gif\" alt=\"\"><\/big><\/big><\/p>\n<h1 style=\"text-align: center;\">SV Turbine Zschornewitz bedankt sich bei allen Sponsoren<\/h1>\n<p style=\"text-align: center;\"><a href=\"http:\/\/sv-turbine-zschornewitz.de\/Fussball\/wp-content\/uploads\/2014\/10\/Scannen0016.jpg\"><img loading=\"lazy\" decoding=\"async\" class=\"alignnone wp-image-2233 size-full\" src=\"http:\/\/sv-turbine-zschornewitz.de\/Fussball\/wp-content\/uploads\/2014\/10\/Scannen0016.jpg\" alt=\"Scannen0016\" width=\"533\" height=\"250\" srcset=\"http:\/\/sv-turbine-zschornewitz.de\/Fussball\/wp-content\/uploads\/2014\/10\/Scannen0016.jpg 533w, http:\/\/sv-turbine-zschornewitz.de\/Fussball\/wp-content\/uploads\/2014\/10\/Scannen0016-300x141.jpg 300w\" sizes=\"auto, (max-width: 533px) 100vw, 533px\" \/><\/a><\/p>\n<p><img decoding=\"async\" class=\"aligncenter\" src=\"http:\/\/www.sv-turbine-zschornewitz.de\/Bolzen\/Werbung\/Bild%20001.jpg\" alt=\"\"><\/p>\n<p><img loading=\"lazy\" decoding=\"async\" class=\"wp-image-6380 aligncenter\" src=\"http:\/\/sv-turbine-zschornewitz.de\/Fussball\/wp-content\/uploads\/2014\/10\/Estel-Logo.png\" alt=\"\" width=\"274\" height=\"406\" srcset=\"http:\/\/sv-turbine-zschornewitz.de\/Fussball\/wp-content\/uploads\/2014\/10\/Estel-Logo.png 1226w, http:\/\/sv-turbine-zschornewitz.de\/Fussball\/wp-content\/uploads\/2014\/10\/Estel-Logo-202x300.png 202w, http:\/\/sv-turbine-zschornewitz.de\/Fussball\/wp-content\/uploads\/2014\/10\/Estel-Logo-768x1140.png 768w\" sizes=\"auto, (max-width: 274px) 100vw, 274px\" \/><\/p>\n<p style=\"text-align: center;\"><img decoding=\"async\" src=\"http:\/\/www.sv-turbine-zschornewitz.de\/Bolzen\/bilder\/Scannen0023.jpg\" alt=\"\"><\/p>\n<p style=\"text-align: center;\"><img loading=\"lazy\" decoding=\"async\" class=\"alignnone wp-image-2192 \" src=\"http:\/\/sv-turbine-zschornewitz.de\/Fussball\/wp-content\/uploads\/2014\/10\/rewesponsor.jpg\" alt=\"rewesponsor\" width=\"451\" height=\"267\" srcset=\"http:\/\/sv-turbine-zschornewitz.de\/Fussball\/wp-content\/uploads\/2014\/10\/rewesponsor.jpg 2486w, http:\/\/sv-turbine-zschornewitz.de\/Fussball\/wp-content\/uploads\/2014\/10\/rewesponsor-300x177.jpg 300w, http:\/\/sv-turbine-zschornewitz.de\/Fussball\/wp-content\/uploads\/2014\/10\/rewesponsor-2048x1211.jpg 2048w\" sizes=\"auto, (max-width: 451px) 100vw, 451px\" \/><\/p>\n<p style=\"text-align: center;\"><img decoding=\"async\" src=\"http:\/\/www.sv-turbine-zschornewitz.de\/Bolzen\/bilder\/Imerys.jpg\" alt=\"\"><\/p>\n<p style=\"text-align: center;\"><img loading=\"lazy\" decoding=\"async\" class=\"\" src=\"http:\/\/www.sv-turbine-zschornewitz.de\/Bolzen\/Werbung\/Logo.gif\" alt=\"\" width=\"328\" height=\"224\"><br \/>\n<a href=\"http:\/\/sv-turbine-zschornewitz.de\/Fussball\/wp-content\/uploads\/2014\/10\/pflegeengel.jpg\"><img loading=\"lazy\" decoding=\"async\" class=\"alignnone wp-image-2244 size-full\" src=\"http:\/\/sv-turbine-zschornewitz.de\/Fussball\/wp-content\/uploads\/2014\/10\/pflegeengel.jpg\" alt=\"pflegeengel\" width=\"500\" height=\"290\" srcset=\"http:\/\/sv-turbine-zschornewitz.de\/Fussball\/wp-content\/uploads\/2014\/10\/pflegeengel.jpg 500w, http:\/\/sv-turbine-zschornewitz.de\/Fussball\/wp-content\/uploads\/2014\/10\/pflegeengel-300x174.jpg 300w\" sizes=\"auto, (max-width: 500px) 100vw, 500px\" \/><\/a><img decoding=\"async\" src=\"http:\/\/www.sv-turbine-zschornewitz.de\/Bolzen\/bilder\/Scan1.jpg\" alt=\"\"><\/p>\n<p style=\"text-align: center;\"><img loading=\"lazy\" decoding=\"async\" class=\"\" src=\"http:\/\/www.sv-turbine-zschornewitz.de\/Bolzen\/Werbung\/Scannen0024.jpg\" alt=\"\" width=\"370\" height=\"140\">&nbsp;&nbsp;<\/p>\n<div class=\"name\">&nbsp;<\/div>\n<p style=\"text-align: center;\">HaarKraftWerk GbR, Stra\u00dfe des Friedens&nbsp;15, 06772 Gr\u00e4fenhainichen<\/p>\n<p style=\"text-align: center;\">B\u00e4ckerei Quack, Ernst Th\u00e4lmann str.1, 06772 Gr\u00e4fenhainichen<\/p>\n<p style=\"text-align: center;\">Bertram Jacobi<\/p>\n<p style=\"text-align: center;\">Annett\u00b4s Blumenshop, Str. d. Friedens 13,&nbsp;06772 Gr\u00e4fenhainichen<\/p>\n<p style=\"text-align: center;\">Bj\u00f6rn Schrauder, Nordweg 6,&nbsp;06772 Gr\u00e4fenhainichen<\/p>\n<p style=\"text-align: center;\">DM Birgit Unters\u00e4nger, Goethehain 1,&nbsp;06772 Gr\u00e4fenhainichen<\/p>\n<p style=\"text-align: center;\">Jens Schoenerstedt<\/p>\n<p style=\"text-align: center;\"><img loading=\"lazy\" decoding=\"async\" class=\"alignnone wp-image-2234 \" src=\"http:\/\/sv-turbine-zschornewitz.de\/Fussball\/wp-content\/uploads\/2014\/10\/guddatlogo.jpg\" alt=\"guddatlogo\" width=\"327\" height=\"120\"><\/p>\n<div style=\"text-align: center;\">Karl Liebknecht Stra\u00dfe 2<\/div>\n<div style=\"text-align: center;\">06772 Gr\u00e4fenhainichen<\/div>\n<div style=\"text-align: center;\">Mail: <a href=\"mailto:kontakt@guddat-immobilien.de\" target=\"_blank\" rel=\"noopener noreferrer\">kontakt@guddat-immobilien.de<\/a><\/div>\n","protected":false},"excerpt":{"rendered":"<p>SV Turbine Zschornewitz bedankt sich bei allen Sponsoren &nbsp;&nbsp; &nbsp; HaarKraftWerk GbR, Stra\u00dfe des Friedens&nbsp;15, 06772 Gr\u00e4fenhainichen B\u00e4ckerei Quack, Ernst Th\u00e4lmann str.1, 06772 Gr\u00e4fenhainichen Bertram <a href=\"http:\/\/sv-turbine-zschornewitz.de\/Fussball\/?page_id=75\" class=\"btn btn-link continue-link\">Continue Reading<\/a><\/p>\n","protected":false},"author":1,"featured_media":0,"parent":0,"menu_order":0,"comment_status":"open","ping_status":"open","template":"","meta":{"ngg_post_thumbnail":0,"footnotes":""},"class_list":["post-75","page","type-page","status-publish","hentry"],"_links":{"self":[{"href":"http:\/\/sv-turbine-zschornewitz.de\/Fussball\/index.php?rest_route=\/wp\/v2\/pages\/75","targetHints":{"allow":["GET"]}}],"collection":[{"href":"http:\/\/sv-turbine-zschornewitz.de\/Fussball\/index.php?rest_route=\/wp\/v2\/pages"}],"about":[{"href":"http:\/\/sv-turbine-zschornewitz.de\/Fussball\/index.php?rest_route=\/wp\/v2\/types\/page"}],"author":[{"embeddable":true,"href":"http:\/\/sv-turbine-zschornewitz.de\/Fussball\/index.php?rest_route=\/wp\/v2\/users\/1"}],"replies":[{"embeddable":true,"href":"http:\/\/sv-turbine-zschornewitz.de\/Fussball\/index.php?rest_route=%2Fwp%2Fv2%2Fcomments&post=75"}],"version-history":[{"count":13,"href":"http:\/\/sv-turbine-zschornewitz.de\/Fussball\/index.php?rest_route=\/wp\/v2\/pages\/75\/revisions"}],"predecessor-version":[{"id":7650,"href":"http:\/\/sv-turbine-zschornewitz.de\/Fussball\/index.php?rest_route=\/wp\/v2\/pages\/75\/revisions\/7650"}],"wp:attachment":[{"href":"http:\/\/sv-turbine-zschornewitz.de\/Fussball\/index.php?rest_route=%2Fwp%2Fv2%2Fmedia&parent=75"}],"curies":[{"name":"wp","href":"https:\/\/api.w.org\/{rel}","templated":true}]}}