{"id":6684,"date":"2018-05-28T12:22:32","date_gmt":"2018-05-28T10:22:32","guid":{"rendered":"http:\/\/sv-turbine-zschornewitz.de\/Fussball\/?page_id=6684"},"modified":"2018-05-28T12:22:38","modified_gmt":"2018-05-28T10:22:38","slug":"datenschutz","status":"publish","type":"page","link":"http:\/\/sv-turbine-zschornewitz.de\/Fussball\/?page_id=6684","title":{"rendered":"Datenschutz"},"content":{"rendered":"<p style=\"text-align: justify;\">Wir nehmen den Schutz Ihrer pers\u00f6nlichen Daten sehr ernst und behandeln Ihre personenbezogenen Daten vertraulich und entsprechend der gesetzlichen Datenschutzvorschriften sowie dieser Datenschutzerkl\u00e4rung.<\/p>\n<p style=\"text-align: justify;\"><span style=\"text-decoration: underline;\">Datenverarbeitung auf dieser Internetseite<\/span><br \/>\nBeim Zugriff auf unsere Website werden von Deinem Browser automatisch Informationen \u00fcbermittelt. Dies sind z.B. Browsertyp\/Browserversion, verwendetes Betriebssystem, Referrer URL, aufgerufene Seite und Uhrzeiten der Serveranfrage. Diese Daten sind nicht bestimmten Personen zuordenbar. Eine Zusammenf\u00fchrung dieser Daten mit anderen Datenquellen wird nicht vorgenommen. Wir behalten uns vor, diese Daten nachtr\u00e4glich zu pr\u00fcfen, wenn uns konkrete Anhaltspunkte f\u00fcr eine rechtswidrige Nutzung bekannt werden.<\/p>\n<p style=\"text-align: justify;\"><span style=\"text-decoration: underline;\">Datenverarbeitung von Mitgliedern des Vereins auf dieser Internetseite<\/span><br \/>\nPersonenbezogene Daten (z. B. Name, Geburtstag, Geschlecht, E-Mail) erheben und verarbeiten wir nur, wenn Du uns diese im Rahmen einer Registrierung der Mitgliedschaft zur Verf\u00fcgung gestellt hast, und nur soweit dies f\u00fcr die Begr\u00fcndung und inhaltliche Ausgestaltung oder \u00c4nderung des Rechtsverh\u00e4ltnisses erforderlich ist.<\/p>\n<p style=\"text-align: justify;\">Ohne dein Einverst\u00e4ndnis oder eine entsprechende beh\u00f6rdliche Anordnung werden Deine pers\u00f6nlichen Daten von uns oder von uns beauftragten Personen keinen Dritten Personen zur Verf\u00fcgung gestellt. Bei der Einrichtung eines Mitgliederaccounts werden die von Dir oder einem Beauftragten des Vereins eingegebenen Daten dauerhaft in unserer Datenbank gespeichert. Du kannst jederzeit die \u00c4nderung, Anonymisierung und L\u00f6schung Deiner Daten eigenst\u00e4ndig vornehmen oder verlangen.<\/p>\n<p style=\"text-align: justify;\">Zur Erf\u00fcllung der sportlichen Zielstellungen und zur Erh\u00f6hung der Attraktivit\u00e4t unseres Vereins ist die Erfassung, Speicherung und Auswertung fussballspezifischer Leistungsparameter erforderlich. Die Erfassung, Auswertung und Ver\u00f6ffentlichung der fu\u00dfballspezifischen Daten erfolgt personen- und teambezogen. FUPA erm\u00f6glicht eine selektierte Wiedergabe der fu\u00dfballspezifischen Daten in einem \u00f6ffentlich zug\u00e4nglichen Statistiktool auf der Website. Es ist im Sinne unseres Vereins, alle leistungsbezogenen Daten dauerhaft in einem Archiv zu speichern und zu ver\u00f6ffentlichen. Dies bezieht sich auch auf Daten, die vor in Kraft treten der Datenschutz Grundverordnung erfasst und ver\u00f6ffentlicht wurden.<\/p>\n<p style=\"text-align: justify;\"><span style=\"text-decoration: underline;\">Datenverarbeitung bei Nutzung unseres Kontaktformulars<\/span><br \/>\nBei Fragen jeglicher Art bieten wir Dir die M\u00f6glichkeit, mit uns \u00fcber ein auf der Website bereitgestelltes Formular Kontakt aufzunehmen. Dabei ist die Angabe eines Namens, damit wir wissen, von wem die Anfrage stammt, erforderlich. Weitere Angaben k\u00f6nnen freiwillig get\u00e4tigt werden.<\/p>\n<p style=\"text-align: justify;\">Die von Dir gestellte Anfrage sowie die eingegebenen Angaben werden nicht gespeichert, sondern direkt per E-Mail an den gew\u00fcnschten Empf\u00e4nger geleitet.<\/p>\n<p style=\"text-align: justify;\"><span style=\"text-decoration: underline;\">Cookies<\/span><br \/>\nUnsere Website verwendet so genannte Cookies. Dabei handelt es sich um kleine Textdateien, die Dein Internetbrowsers auf Deinem Endger\u00e4t speichert. Dank dieser Daten ist es bspw. m\u00f6glich, dass Du speziell auf Deine Interessen abgestimmte Informationen auf der Seite angezeigt bekommen. Die meisten Browser sind standardm\u00e4\u00dfig so eingestellt, dass sie Cookies akzeptieren, aber Du kannst Deinen Browser so konfigurieren, dass er Cookies ablehnt oder vorher eine Best\u00e4tigung von Dir erfragt. Die Hilfe-Funktion in der Men\u00fcleiste der meisten Webbrowser erkl\u00e4rt Dir, wie Du die gew\u00fcnschte Einstellung vornehmen oder auch wie du s\u00e4mtliche bereits gespeicherte Cookies l\u00f6schen kannst.<\/p>\n<p style=\"text-align: justify;\">Wenn Du Cookies ablehnst, kann dies allerdings zur Folge haben, dass ein Teil unserer Dienste nicht verf\u00fcgbar ist und somit einige Funktionen nicht genutzt werden k\u00f6nnen.<\/p>\n<p style=\"text-align: justify;\"><span style=\"text-decoration: underline;\">Einbindung von Plugins\/Widgets<\/span><br \/>\nWordpress erm\u00f6glicht \u00fcber Platzhalter Plugins bzw. Widgets wie z. B. vom dfb, FUPA, twitter, facebook etc. einzuf\u00fcgen. Hierzu gelten dann die entsprechenden Datenschutzregeln der Anbieter, wie z. B. bei der Verwendung von \u201efacebook Social Plugins\u201c.<\/p>\n<p style=\"text-align: justify;\"><span style=\"text-decoration: underline;\">Social Media Plugins<\/span><br \/>\nWir verwenden auf dieser Webseite sog. Social Plugins von den sozialen Netzwerken Facebook, Google+, Twitter und\/oder Instagram. Die Plugins erkennst Du an dem entsprechenden Netzwerk-Logo und\/oder den Zus\u00e4tzen \u201eGef\u00e4llt mir\u201c, \u201eEmpfehlen, \u201e+1\u201c. \u00dcblicherweise werden durch die auf den Seiten eingebundenen Plugin-Buttons schon beim Laden der Seite \u2013 also ganz ohne Dein Zutun \u2013 Daten an die Betreiber der Netzwerke \u00fcbertragen. Neben der URL der besuchten Webseite kann dabei eine Kennung \u00fcbertragen werden, die zumindest bei im jeweiligen Netzwerk angemeldeten Nutzern direkt mit einer Person verkn\u00fcpft werden kann.<\/p>\n<p style=\"text-align: justify;\">Wenn Du mit Plugins interagierst, wird die entsprechende Information ebenfalls direkt an einen Server des jeweiligen Netzwerks \u00fcbermittelt und dort gespeichert. Diese Informationen werden zudem auf dem jeweiligen Netzwerk ver\u00f6ffentlicht. So k\u00f6nnen die Netzwerkbetreiber komplette Surfprofile ihrer Nutzer erstellen. Eine Verkn\u00fcpfung mit einer Person oder die \u00dcbermittlung von Informationen bzgl. der Interaktion kann nur durch Ausloggen aus dem jeweiligen Netzwerk vor Nutzung des Plugins verhindert werden. Einzelheiten zu Zweck und Umfang der Datenerhebung sowie die weitere Verarbeitung und Nutzung der Daten durch die Netzwerke, aber auch Deinen diesbez\u00fcglichen Rechten und Einstellungsm\u00f6glichkeiten zum Schutz Deiner Privatsph\u00e4re kannst Du den Datenschutzhinweisen des Betreibers des entsprechenden Netzwerks entnehmen:<\/p>\n<p style=\"text-align: justify;\">Facebook Inc.<br \/>\n1601 S. California Ave<br \/>\nPalo Alto, CA 94304 USA<br \/>\nhttps:\/\/www.facebook.com\/about\/privacy\/<br \/>\nTwitter Inc.<br \/>\n795 Folsom St., Suite 600<br \/>\nSan Francisco, CA 94107 USA<br \/>\nhttps:\/\/twitter.com\/privacy<br \/>\nGoogle Inc.<br \/>\n1600 Amphitheatre Parkway<br \/>\nMountain View, CA 94043, USA<br \/>\nhttps:\/\/www.google.de\/intl\/de\/policies\/privacy<br \/>\nInstagram Inc.<br \/>\n1 Hacker Way<br \/>\nMenlo Park, CA 94025, USA<br \/>\nhttp:\/\/instagram.com\/legal\/privacy\/<br \/>\nDatenschutzerkl\u00e4rung f\u00fcr die Nutzung von YouTube<br \/>\nUnsere Webseite nutzt Plugins der von Google betriebenen Seite YouTube. Betreiber der Seiten ist die YouTube, LLC, 901 Cherry Ave., San Bruno, CA 94066, USA. Wenn Du eine unserer mit einem YouTube-Plugin ausgestatteten Seiten besuchen, wird eine Verbindung zu den Servern von YouTube hergestellt. Dabei wird dem Youtube-Server mitgeteilt, welche unserer Seiten Du besucht hast.<\/p>\n<p style=\"text-align: justify;\">Wenn Du in Deinem YouTube-Account eingeloggt bist erm\u00f6glichst Du YouTube, Dein Surfverhalten direkt Deinem pers\u00f6nlichen Profil zuzuordnen. Dies kannst Du verhindern, indem Du Dich aus Deinen YouTube-Account ausloggst.<\/p>\n<p style=\"text-align: justify;\">Weitere Informationen zum Umgang von Nutzerdaten findest Du in der Datenschutzerkl\u00e4rung von YouTube unter: https:\/\/www.google.de\/intl\/de\/policies\/privacy<\/p>\n<p style=\"text-align: justify;\"><span style=\"text-decoration: underline;\">Datenschutzerkl\u00e4rung f\u00fcr die Nutzung Google Maps<\/span><br \/>\nDiese Webseite verwendet Google Maps, ein Dienst um geographische Informationen visuell darzustellen. Anbieter ist die Google Inc., 1600 Amphitheatre Parkway Mountain View, CA 94043, USA.<\/p>\n<p style=\"text-align: justify;\">Durch Nutzung dieser Webseite erkl\u00e4rst Du Dich mit der Erfassung, Bearbeitung sowie Nutzung der automatisiert erhobenen Daten durch Google Inc, deren Vertreter sowie Dritter einverstanden. Die Nutzungsbedingungen von Google Maps findest Du unter https:\/\/www.google.com\/intl\/de_de\/help\/terms_maps.html.<\/p>\n<p style=\"text-align: justify;\"><span style=\"text-decoration: underline;\">Einbindung von Werbebannern<\/span><br \/>\nDie Einblendung von Werbung erfolgt durch unseren Verein, Kooperationspartner oder durch Werbepartner. Dabei k\u00f6nnen auch der Kooperations- und der Werbepartner zur Erfolgsauswertung ein Cookie setzen, mit dessen Hilfe der entsprechende Server den Erfolg der Werbung nach z.B. Clicks auswerten kann. Grundlage der Datenschutzbestimmungen sind jedoch nur die eigenen Cookies und nicht die von Kooperations- und Werbepartnern.<\/p>\n<p style=\"text-align: justify;\"><span style=\"text-decoration: underline;\">Datenschutzerkl\u00e4rung f\u00fcr die Nutzung von Google Adsense<\/span><br \/>\nDiese Website benutzt Google AdSense, einen Dienst zum Einbinden von Werbeanzeigen der Google Inc. (&#8222;Google&#8220;). Anbieter ist die Google Inc., 1600 Amphitheatre Parkway Mountain View, CA 94043, USA.<\/p>\n<p style=\"text-align: justify;\">Google AdSense verwendet so genannte &#8222;Cookies&#8220;, Textdateien, die auf Deinem Computer gespeichert werden und die eine Analyse der Benutzung der Website erm\u00f6glicht. Google AdSense verwendet auch so genannte Web Beacons (unsichtbare Grafiken). Durch diese Web Beacons k\u00f6nnen Informationen wie der Besucherverkehr auf diesen Seiten ausgewertet werden.<\/p>\n<p style=\"text-align: justify;\">Die durch Cookies und Web Beacons erzeugten Informationen \u00fcber die Benutzung dieser Website (einschlie\u00dflich Deiner IP-Adresse) und Auslieferung von Werbeformaten werden an einen Server von Google in den USA \u00fcbertragen und dort gespeichert. Diese Informationen k\u00f6nnen von Google an Vertragspartner von Google weiter gegeben werden. Google wird Deine IP-Adresse jedoch nicht mit anderen von Dir gespeicherten Daten zusammenf\u00fchren.<\/p>\n<p style=\"text-align: justify;\">Du kannst das Speichern der Cookies durch eine entsprechende Einstellung Deines Browsers verhindern; wir weisen jedoch darauf hin, dass Du in diesem Fall gegebenenfalls nicht s\u00e4mtliche Funktionen dieser Website voll umf\u00e4nglich nutzen kannst. Durch die Nutzung dieser Website erkl\u00e4rst Du dich mit der Bearbeitung der \u00fcber Dich erhobenen Daten durch Google in der zuvor beschriebenen Art und Weise und zu dem zuvor benannten Zweck einverstanden.<\/p>\n<p style=\"text-align: justify;\">Du kannst auch die Verwendung von Cookies durch Google f\u00fcr diese Zwecke deaktivieren, indem Du die Seite zur Deaktivierung von Google-Werbung aufrufst: https:\/\/www.google.com\/settings\/ads.<\/p>\n<p style=\"text-align: justify;\"><span style=\"text-decoration: underline;\">Widerspruchsrecht und Auskunftsrecht<\/span><br \/>\nDu hast jederzeit ein Recht auf unentgeltliche Auskunft \u00fcber Deine gespeicherten personenbezogenen Daten sowie ggf. ein Recht auf Berichtigung, Sperrung oder L\u00f6schung dieser Daten. Sofern weitere Informationen gew\u00fcnscht werden oder die Berichtigung, Sperrung oder L\u00f6schung der Daten des Kunden gew\u00fcnscht wird, kannst Du eine E-Mail an turbinewebsite[at]gmail.com senden. Sollten gesetzliche Vorschriften eine L\u00f6schung nicht zulassen, werden Deine Daten stattdessen gesperrt, so dass sie nur noch zum Zwecke der zwingenden gesetzlichen Vorschriften zug\u00e4nglich sind. Unsere Datenschutzerkl\u00e4rung kann sich von Zeit zu Zeit \u00e4ndern. Hierzu z\u00e4hlen auch Weiterentwicklungen durch Ver\u00e4nderungen unseres Gesch\u00e4ftes sowie Anpassungen aufgrund einer ge\u00e4nderten Gesetzeslage und\/oder aufgrund der Implementierung neuer Webanalyse- und\/oder Retargeting-Technologien. Entsprechende Aktualisierungen der Datenschutzerkl\u00e4rung werden von uns auf dieser Seite ver\u00f6ffentlicht werden. Im Falle wesentlicher \u00c4nderungen werden wir entsprechend darauf hinweisen. Falls Du noch weitere Fragen hast, die Dir unsere Datenschutzerkl\u00e4rung nicht beantworten konnte, schreibe uns bitte eine E-Mail.<\/p>\n","protected":false},"excerpt":{"rendered":"<p>Wir nehmen den Schutz Ihrer pers\u00f6nlichen Daten sehr ernst und behandeln Ihre personenbezogenen Daten vertraulich und entsprechend der gesetzlichen Datenschutzvorschriften sowie dieser Datenschutzerkl\u00e4rung. Datenverarbeitung auf <a href=\"http:\/\/sv-turbine-zschornewitz.de\/Fussball\/?page_id=6684\" class=\"btn btn-link continue-link\">Continue Reading<\/a><\/p>\n","protected":false},"author":1,"featured_media":0,"parent":0,"menu_order":0,"comment_status":"closed","ping_status":"closed","template":"","meta":{"ngg_post_thumbnail":0,"footnotes":""},"class_list":["post-6684","page","type-page","status-publish","hentry"],"_links":{"self":[{"href":"http:\/\/sv-turbine-zschornewitz.de\/Fussball\/index.php?rest_route=\/wp\/v2\/pages\/6684","targetHints":{"allow":["GET"]}}],"collection":[{"href":"http:\/\/sv-turbine-zschornewitz.de\/Fussball\/index.php?rest_route=\/wp\/v2\/pages"}],"about":[{"href":"http:\/\/sv-turbine-zschornewitz.de\/Fussball\/index.php?rest_route=\/wp\/v2\/types\/page"}],"author":[{"embeddable":true,"href":"http:\/\/sv-turbine-zschornewitz.de\/Fussball\/index.php?rest_route=\/wp\/v2\/users\/1"}],"replies":[{"embeddable":true,"href":"http:\/\/sv-turbine-zschornewitz.de\/Fussball\/index.php?rest_route=%2Fwp%2Fv2%2Fcomments&post=6684"}],"version-history":[{"count":2,"href":"http:\/\/sv-turbine-zschornewitz.de\/Fussball\/index.php?rest_route=\/wp\/v2\/pages\/6684\/revisions"}],"predecessor-version":[{"id":6686,"href":"http:\/\/sv-turbine-zschornewitz.de\/Fussball\/index.php?rest_route=\/wp\/v2\/pages\/6684\/revisions\/6686"}],"wp:attachment":[{"href":"http:\/\/sv-turbine-zschornewitz.de\/Fussball\/index.php?rest_route=%2Fwp%2Fv2%2Fmedia&parent=6684"}],"curies":[{"name":"wp","href":"https:\/\/api.w.org\/{rel}","templated":true}]}}