{"id":35,"date":"2014-10-20T16:51:46","date_gmt":"2014-10-20T14:51:46","guid":{"rendered":"http:\/\/sv-turbine-zschornewitz.de\/Fussball\/?page_id=35"},"modified":"2023-08-19T11:16:51","modified_gmt":"2023-08-19T09:16:51","slug":"nachwuchs","status":"publish","type":"page","link":"http:\/\/sv-turbine-zschornewitz.de\/Fussball\/?page_id=35","title":{"rendered":"Nachwuchs"},"content":{"rendered":"<h4 style=\"text-align: center;\"><span style=\"text-decoration: underline;\"><strong><span style=\"color: inherit; font-size: 1.25em; text-decoration: underline;\">NACHWUCHSARBEIT<\/span><\/strong><\/span><\/h4>\n<p>Ist ein wichtiger Bestandteil des Fu\u00dfballs in Zschornewitz<\/p>\n<p>Die Nachwuchsabteilung des SV Turbine Zschornewitz stellt sich vor:<\/p>\n<p>Um die Kinder optimal betreuen zu k\u00f6nnen hat Turbine, um den Jugendleiter Toni Hanslik eine kompetente Schar von Jugendtrainern zur Verf\u00fcgung, welche sich nahezu komplett noch selbst im Spielbetrieb befinden und somit \u00fcber praxisnahes Wissen verf\u00fcgen. Mit den Gegebenheiten der Sportanlage am P\u00f6plitzer Weg bieten sich optimale Bedingungen f\u00fcr die intensive Betreuung der Kinder und Jugendlichen.<\/p>\n<p>Die Abteilung Fu\u00dfball sorgt f\u00fcr einen abwechslungsreichen Trainings- und Spielbetrieb, welcher durch die Teilnahme an Jugendturnieren und fu\u00dfballexternen Vereins- und Mannschaftsveranstaltungen erg\u00e4nzt wird.<br \/>\nSo k\u00f6nnen Eltern\/Omas- und Opas sicher sein, dass ihre Kinder gut betreut ihrem Hobby nachgehen k\u00f6nnen und der Spa\u00df dabei nicht zu kurz kommt!<\/p>\n<p>Der SV Turbine Zschornewitz m\u00f6chte an dieser Stelle den Wunsch aussprechen das sich weitere Kinder- und Jugendliche f\u00fcr den Fu\u00dfball in Zschornewitz interessieren die M\u00f6glichkeiten einer aktiven Freizeitgestaltung in Anspruch nehmen.<\/p>\n<p>An dieser Stelle bedanken wir uns bei allen Helfern, vor allen den aktiven Sponsoren, ohne die eine umfangreiche Jugendarbeit nicht m\u00f6glich w\u00e4re!<\/p>\n<p>Gleichzeitig laden wir weitere \u201eF\u00f6rderer des Jugendfu\u00dfballes\u201c ein, sich von unserem Engagement zu \u00fcberzeugen und uns gerne dabei zu unterst\u00fctzen!<\/p>\n<p>Folgende Trainer stehen f\u00fcr eine kompetente Ausbildung bei Turbine Zschornewitz zur Verf\u00fcgung:<\/p>\n<p><strong>Toni Hanslik<\/strong><a href=\"http:\/\/sv-turbine-zschornewitz.de\/Fussball\/?attachment_id=7631\"><img loading=\"lazy\" decoding=\"async\" class=\"alignright wp-image-7631 size-medium\" src=\"http:\/\/sv-turbine-zschornewitz.de\/Fussball\/wp-content\/uploads\/2020\/01\/AhSZbPdvSzhZO2Lg7KgvkqUP3WRHQAeVpJjsFdB0-240x300.jpeg\" alt=\"\" width=\"240\" height=\"300\" srcset=\"http:\/\/sv-turbine-zschornewitz.de\/Fussball\/wp-content\/uploads\/2020\/01\/AhSZbPdvSzhZO2Lg7KgvkqUP3WRHQAeVpJjsFdB0-240x300.jpeg 240w, http:\/\/sv-turbine-zschornewitz.de\/Fussball\/wp-content\/uploads\/2020\/01\/AhSZbPdvSzhZO2Lg7KgvkqUP3WRHQAeVpJjsFdB0.jpeg 512w\" sizes=\"auto, (max-width: 240px) 100vw, 240px\" \/><\/a><\/p>\n<p>geb: 05.05.1981<\/p>\n<p>im Verein seit: 1987<\/p>\n<p>Funktion: &#8211; Jugendkoordinator<\/p>\n<ul>\n<li>Trainer: E-Jugend<\/li>\n<\/ul>\n<p>Qualifikation: Trainer C \u2013 Lizenz<\/p>\n<p>-aktiver Spieler 1.+2. M\u00e4nner<\/p>\n<p><strong style=\"font-size: inherit;\">Christopher Zollweg (Zolli)<\/strong><\/p>\n<p><a href=\"http:\/\/sv-turbine-zschornewitz.de\/Fussball\/?attachment_id=7633\"><img loading=\"lazy\" decoding=\"async\" class=\"alignright wp-image-7633 size-medium\" src=\"http:\/\/sv-turbine-zschornewitz.de\/Fussball\/wp-content\/uploads\/2020\/01\/Jl6tt1iNuaPbQwq5dAQfRttQq7Ioqtk2M8wLF0Pc-240x300.jpeg\" alt=\"\" width=\"240\" height=\"300\" srcset=\"http:\/\/sv-turbine-zschornewitz.de\/Fussball\/wp-content\/uploads\/2020\/01\/Jl6tt1iNuaPbQwq5dAQfRttQq7Ioqtk2M8wLF0Pc-240x300.jpeg 240w, http:\/\/sv-turbine-zschornewitz.de\/Fussball\/wp-content\/uploads\/2020\/01\/Jl6tt1iNuaPbQwq5dAQfRttQq7Ioqtk2M8wLF0Pc.jpeg 512w\" sizes=\"auto, (max-width: 240px) 100vw, 240px\" \/><\/a><\/p>\n<p>geb: 20.03.1992<\/p>\n<p>im Verein seit: 2014<\/p>\n<p>Funktion: &#8211; Jugendtrainer und Nachwuchsleiter<\/p>\n<ul>\n<li>Trainer: A-Jugend<\/li>\n<\/ul>\n<p>Qualifikation: Trainer B \u2013 Lizenz<\/p>\n<p>&#8211; aktiver Spieler 1.+2. M\u00e4nner<\/p>\n<p><strong style=\"font-size: inherit;\">Mathias Kuhne (Matze)<\/strong><\/p>\n<p><a href=\"http:\/\/sv-turbine-zschornewitz.de\/Fussball\/?attachment_id=7630\"><img loading=\"lazy\" decoding=\"async\" class=\"wp-image-7630 size-medium alignright\" src=\"http:\/\/sv-turbine-zschornewitz.de\/Fussball\/wp-content\/uploads\/2020\/01\/2sQ8E9sPMh4qRJeKxoFjpZ09haixF7I3x4EKncM9-240x300.jpeg\" alt=\"\" width=\"240\" height=\"300\" srcset=\"http:\/\/sv-turbine-zschornewitz.de\/Fussball\/wp-content\/uploads\/2020\/01\/2sQ8E9sPMh4qRJeKxoFjpZ09haixF7I3x4EKncM9-240x300.jpeg 240w, http:\/\/sv-turbine-zschornewitz.de\/Fussball\/wp-content\/uploads\/2020\/01\/2sQ8E9sPMh4qRJeKxoFjpZ09haixF7I3x4EKncM9.jpeg 256w\" sizes=\"auto, (max-width: 240px) 100vw, 240px\" \/><\/a><\/p>\n<p>geb: 01.12.1977<\/p>\n<p>im Verein seit: 2013<\/p>\n<p>Funktion: &#8211; Jugendtrainer<\/p>\n<ul>\n<li>Trainer: F-Jugend<\/li>\n<\/ul>\n<p>Qualifikation: Trainer C \u2013 Lizenz<\/p>\n<p><strong>Andr\u00e9 Hempel (Hempi)<a href=\"http:\/\/sv-turbine-zschornewitz.de\/Fussball\/?attachment_id=7638\" rel=\"attachment wp-att-7638\"><img loading=\"lazy\" decoding=\"async\" class=\"wp-image-7638 size-medium alignright\" src=\"http:\/\/sv-turbine-zschornewitz.de\/Fussball\/wp-content\/uploads\/2020\/01\/9xkLuI2HjahJpGLZF265cYxvERf3q2cMZDdzpUCt-240x300.jpeg\" alt=\"\" width=\"240\" height=\"300\" srcset=\"http:\/\/sv-turbine-zschornewitz.de\/Fussball\/wp-content\/uploads\/2020\/01\/9xkLuI2HjahJpGLZF265cYxvERf3q2cMZDdzpUCt-240x300.jpeg 240w, http:\/\/sv-turbine-zschornewitz.de\/Fussball\/wp-content\/uploads\/2020\/01\/9xkLuI2HjahJpGLZF265cYxvERf3q2cMZDdzpUCt.jpeg 512w\" sizes=\"auto, (max-width: 240px) 100vw, 240px\" \/><\/a><\/strong><\/p>\n<p>geb. 30.12.1982<\/p>\n<p>im Verein seit: 1991<\/p>\n<p>Fuktion: &#8211; Jugendtrainer<\/p>\n<ul>\n<li>\u00a0 Trainer: Bambini<\/li>\n<\/ul>\n<p>&#8211; aktiver Spieler 1.+2. Mannschaft<\/p>\n<p><strong style=\"font-size: inherit;\">Steve Bilau<\/strong><\/p>\n<p><span style=\"font-size: 16px;\"><strong><a href=\"http:\/\/sv-turbine-zschornewitz.de\/Fussball\/?attachment_id=7635\" rel=\"attachment wp-att-7635\"><img loading=\"lazy\" decoding=\"async\" class=\"wp-image-7635 size-medium alignright\" src=\"http:\/\/sv-turbine-zschornewitz.de\/Fussball\/wp-content\/uploads\/2020\/01\/inzE1UoHTTIH8wOQykl9ROqjMMOCvqMDWo8xJAIk-240x300.jpeg\" alt=\"\" width=\"240\" height=\"300\" srcset=\"http:\/\/sv-turbine-zschornewitz.de\/Fussball\/wp-content\/uploads\/2020\/01\/inzE1UoHTTIH8wOQykl9ROqjMMOCvqMDWo8xJAIk-240x300.jpeg 240w, http:\/\/sv-turbine-zschornewitz.de\/Fussball\/wp-content\/uploads\/2020\/01\/inzE1UoHTTIH8wOQykl9ROqjMMOCvqMDWo8xJAIk.jpeg 512w\" sizes=\"auto, (max-width: 240px) 100vw, 240px\" \/><\/a><\/strong><\/span><\/p>\n<p>geb. 23.06.1999<\/p>\n<p>im Verein seit: 2006<\/p>\n<p>Fuktion: &#8211; Jugendtrainer<\/p>\n<ul>\n<li>Trainer: D-Jugend<\/li>\n<\/ul>\n<p>&#8211; aktiver Spieler 1.+2. M\u00e4nner<\/p>\n","protected":false},"excerpt":{"rendered":"<p>NACHWUCHSARBEIT Ist ein wichtiger Bestandteil des Fu\u00dfballs in Zschornewitz Die Nachwuchsabteilung des SV Turbine Zschornewitz stellt sich vor: Um die Kinder optimal betreuen zu k\u00f6nnen <a href=\"http:\/\/sv-turbine-zschornewitz.de\/Fussball\/?page_id=35\" class=\"btn btn-link continue-link\">Continue Reading<\/a><\/p>\n","protected":false},"author":3,"featured_media":0,"parent":0,"menu_order":0,"comment_status":"open","ping_status":"open","template":"","meta":{"ngg_post_thumbnail":0,"footnotes":""},"class_list":["post-35","page","type-page","status-publish","hentry"],"_links":{"self":[{"href":"http:\/\/sv-turbine-zschornewitz.de\/Fussball\/index.php?rest_route=\/wp\/v2\/pages\/35","targetHints":{"allow":["GET"]}}],"collection":[{"href":"http:\/\/sv-turbine-zschornewitz.de\/Fussball\/index.php?rest_route=\/wp\/v2\/pages"}],"about":[{"href":"http:\/\/sv-turbine-zschornewitz.de\/Fussball\/index.php?rest_route=\/wp\/v2\/types\/page"}],"author":[{"embeddable":true,"href":"http:\/\/sv-turbine-zschornewitz.de\/Fussball\/index.php?rest_route=\/wp\/v2\/users\/3"}],"replies":[{"embeddable":true,"href":"http:\/\/sv-turbine-zschornewitz.de\/Fussball\/index.php?rest_route=%2Fwp%2Fv2%2Fcomments&post=35"}],"version-history":[{"count":57,"href":"http:\/\/sv-turbine-zschornewitz.de\/Fussball\/index.php?rest_route=\/wp\/v2\/pages\/35\/revisions"}],"predecessor-version":[{"id":8460,"href":"http:\/\/sv-turbine-zschornewitz.de\/Fussball\/index.php?rest_route=\/wp\/v2\/pages\/35\/revisions\/8460"}],"wp:attachment":[{"href":"http:\/\/sv-turbine-zschornewitz.de\/Fussball\/index.php?rest_route=%2Fwp%2Fv2%2Fmedia&parent=35"}],"curies":[{"name":"wp","href":"https:\/\/api.w.org\/{rel}","templated":true}]}}